{"id":5520,"date":"2026-01-01T11:07:14","date_gmt":"2026-01-01T04:07:14","guid":{"rendered":"https:\/\/vn-open-temp.123websitedev.com\/?page_id=5520"},"modified":"2026-01-01T11:07:14","modified_gmt":"2026-01-01T04:07:14","slug":"workspace","status":"publish","type":"page","link":"https:\/\/vinaopen.com\/zh\/workspace\/","title":{"rendered":"\u5de5\u4f5c\u533a"},"content":{"rendered":"<div class=\"workspace-plugin workspace-login-required\">\r\n            <p>Vui l\u00f2ng \u0111\u0103ng nh\u1eadp \u0111\u1ec3 s\u1eed d\u1ee5ng workspace.<\/p>\r\n        <\/div>","protected":false},"excerpt":{"rendered":"","protected":false},"author":1,"featured_media":0,"parent":0,"menu_order":0,"comment_status":"closed","ping_status":"closed","template":"page-blank.php","meta":{"_acf_changed":false,"footnotes":""},"class_list":["post-5520","page","type-page","status-publish","hentry"],"acf":[],"yoast_head":"<!-- This site is optimized with the Yoast SEO Premium plugin v20.9 (Yoast SEO v20.9) - https:\/\/yoast.com\/wordpress\/plugins\/seo\/ -->\n<title>Workspace - VinaOpen<\/title>\n<meta name=\"robots\" content=\"noindex, follow, max-snippet:-1, max-image-preview:large, max-video-preview:-1\" \/>\n<meta property=\"og:locale\" content=\"zh_CN\" \/>\n<meta property=\"og:type\" content=\"article\" \/>\n<meta property=\"og:title\" content=\"Workspace\" \/>\n<meta property=\"og:url\" content=\"https:\/\/vinaopen.com\/zh\/workspace\/\" \/>\n<meta property=\"og:site_name\" content=\"VinaOpen\" \/>\n<meta name=\"twitter:card\" content=\"summary_large_image\" \/>\n<script type=\"application\/ld+json\" class=\"yoast-schema-graph\">{\"@context\":\"https:\/\/schema.org\",\"@graph\":[{\"@type\":\"WebPage\",\"@id\":\"https:\/\/vinaopen.com\/workspace\/\",\"url\":\"https:\/\/vinaopen.com\/workspace\/\",\"name\":\"Workspace - VinaOpen\",\"isPartOf\":{\"@id\":\"https:\/\/vinaopen.com\/#website\"},\"datePublished\":\"2026-01-01T04:07:14+00:00\",\"dateModified\":\"2026-01-01T04:07:14+00:00\",\"breadcrumb\":{\"@id\":\"https:\/\/vinaopen.com\/workspace\/#breadcrumb\"},\"inLanguage\":\"zh-Hans\",\"potentialAction\":[{\"@type\":\"ReadAction\",\"target\":[\"https:\/\/vinaopen.com\/workspace\/\"]}]},{\"@type\":\"BreadcrumbList\",\"@id\":\"https:\/\/vinaopen.com\/workspace\/#breadcrumb\",\"itemListElement\":[{\"@type\":\"ListItem\",\"position\":1,\"name\":\"Home\",\"item\":\"https:\/\/vinaopen.com\/\"},{\"@type\":\"ListItem\",\"position\":2,\"name\":\"Workspace\"}]},{\"@type\":\"WebSite\",\"@id\":\"https:\/\/vinaopen.com\/#website\",\"url\":\"https:\/\/vinaopen.com\/\",\"name\":\"VinaOpen\",\"description\":\"\",\"publisher\":{\"@id\":\"https:\/\/vinaopen.com\/#organization\"},\"potentialAction\":[{\"@type\":\"SearchAction\",\"target\":{\"@type\":\"EntryPoint\",\"urlTemplate\":\"https:\/\/vinaopen.com\/?s={search_term_string}\"},\"query-input\":\"required name=search_term_string\"}],\"inLanguage\":\"zh-Hans\"},{\"@type\":\"Organization\",\"@id\":\"https:\/\/vinaopen.com\/#organization\",\"name\":\"VinaOpen\",\"url\":\"https:\/\/vinaopen.com\/\",\"logo\":{\"@type\":\"ImageObject\",\"inLanguage\":\"zh-Hans\",\"@id\":\"https:\/\/vinaopen.com\/#\/schema\/logo\/image\/\",\"url\":\"https:\/\/vinaopen.com\/wp-content\/uploads\/2025\/10\/VINAOPEN-02-2.png\",\"contentUrl\":\"https:\/\/vinaopen.com\/wp-content\/uploads\/2025\/10\/VINAOPEN-02-2.png\",\"width\":1920,\"height\":481,\"caption\":\"VinaOpen\"},\"image\":{\"@id\":\"https:\/\/vinaopen.com\/#\/schema\/logo\/image\/\"}}]}<\/script>\n<!-- \/ Yoast SEO Premium plugin. -->","yoast_head_json":{"title":"Workspace - VinaOpen","robots":{"index":"noindex","follow":"follow","max-snippet":"max-snippet:-1","max-image-preview":"max-image-preview:large","max-video-preview":"max-video-preview:-1"},"og_locale":"zh_CN","og_type":"article","og_title":"Workspace","og_url":"https:\/\/vinaopen.com\/zh\/workspace\/","og_site_name":"VinaOpen","twitter_card":"summary_large_image","schema":{"@context":"https:\/\/schema.org","@graph":[{"@type":"WebPage","@id":"https:\/\/vinaopen.com\/workspace\/","url":"https:\/\/vinaopen.com\/workspace\/","name":"Workspace - VinaOpen","isPartOf":{"@id":"https:\/\/vinaopen.com\/#website"},"datePublished":"2026-01-01T04:07:14+00:00","dateModified":"2026-01-01T04:07:14+00:00","breadcrumb":{"@id":"https:\/\/vinaopen.com\/workspace\/#breadcrumb"},"inLanguage":"zh-Hans","potentialAction":[{"@type":"ReadAction","target":["https:\/\/vinaopen.com\/workspace\/"]}]},{"@type":"BreadcrumbList","@id":"https:\/\/vinaopen.com\/workspace\/#breadcrumb","itemListElement":[{"@type":"ListItem","position":1,"name":"Home","item":"https:\/\/vinaopen.com\/"},{"@type":"ListItem","position":2,"name":"Workspace"}]},{"@type":"WebSite","@id":"https:\/\/vinaopen.com\/#website","url":"https:\/\/vinaopen.com\/","name":"VinaOpen","description":"","publisher":{"@id":"https:\/\/vinaopen.com\/#organization"},"potentialAction":[{"@type":"SearchAction","target":{"@type":"EntryPoint","urlTemplate":"https:\/\/vinaopen.com\/?s={search_term_string}"},"query-input":"required name=search_term_string"}],"inLanguage":"zh-Hans"},{"@type":"Organization","@id":"https:\/\/vinaopen.com\/#organization","name":"VinaOpen","url":"https:\/\/vinaopen.com\/","logo":{"@type":"ImageObject","inLanguage":"zh-Hans","@id":"https:\/\/vinaopen.com\/#\/schema\/logo\/image\/","url":"https:\/\/vinaopen.com\/wp-content\/uploads\/2025\/10\/VINAOPEN-02-2.png","contentUrl":"https:\/\/vinaopen.com\/wp-content\/uploads\/2025\/10\/VINAOPEN-02-2.png","width":1920,"height":481,"caption":"VinaOpen"},"image":{"@id":"https:\/\/vinaopen.com\/#\/schema\/logo\/image\/"}}]}},"_links":{"self":[{"href":"https:\/\/vinaopen.com\/zh\/wp-json\/wp\/v2\/pages\/5520","targetHints":{"allow":["GET"]}}],"collection":[{"href":"https:\/\/vinaopen.com\/zh\/wp-json\/wp\/v2\/pages"}],"about":[{"href":"https:\/\/vinaopen.com\/zh\/wp-json\/wp\/v2\/types\/page"}],"author":[{"embeddable":true,"href":"https:\/\/vinaopen.com\/zh\/wp-json\/wp\/v2\/users\/1"}],"replies":[{"embeddable":true,"href":"https:\/\/vinaopen.com\/zh\/wp-json\/wp\/v2\/comments?post=5520"}],"version-history":[{"count":0,"href":"https:\/\/vinaopen.com\/zh\/wp-json\/wp\/v2\/pages\/5520\/revisions"}],"wp:attachment":[{"href":"https:\/\/vinaopen.com\/zh\/wp-json\/wp\/v2\/media?parent=5520"}],"curies":[{"name":"wp","href":"https:\/\/api.w.org\/{rel}","templated":true}]}}