{"id":991,"date":"2025-10-19T21:21:32","date_gmt":"2025-10-19T14:21:32","guid":{"rendered":"http:\/\/vn-open.123websitedev.com\/?page_id=991"},"modified":"2026-01-10T18:55:23","modified_gmt":"2026-01-10T11:55:23","slug":"privacy-policy","status":"publish","type":"page","link":"https:\/\/vinaopen.com\/vi\/privacy-policy\/","title":{"rendered":"Ch\u00ednh s\u00e1ch b\u1ea3o m\u1eadt"},"content":{"rendered":"<div data-elementor-type=\"wp-page\" data-elementor-id=\"991\" class=\"elementor elementor-991\" data-elementor-post-type=\"page\">\n\t\t\t\t<div class=\"elementor-element elementor-element-0b39867 e-flex e-con-boxed e-con e-parent\" data-id=\"0b39867\" data-element_type=\"container\" data-settings=\"{&quot;background_background&quot;:&quot;classic&quot;}\">\n\t\t\t\t\t<div class=\"e-con-inner\">\n\t\t\t\t\t<\/div>\n\t\t\t\t<\/div>\n\t\t<div class=\"elementor-element elementor-element-899b09e e-flex e-con-boxed e-con e-parent\" data-id=\"899b09e\" data-element_type=\"container\">\n\t\t\t\t\t<div class=\"e-con-inner\">\n\t\t\t\t<div class=\"elementor-element elementor-element-debc695 e-n-tabs-none elementor-widget elementor-widget-n-tabs\" data-id=\"debc695\" data-element_type=\"widget\" data-settings=\"{&quot;tabs_justify_horizontal_mobile&quot;:&quot;stretch&quot;}\" data-widget_type=\"nested-tabs.default\">\n\t\t\t\t\t\t\t<div class=\"e-n-tabs\" data-widget-number=\"233555605\" aria-label=\"\u6807\u7b7e\u9875\u3002\u6309 Enter \u6216\u7a7a\u683c\u952e\u6253\u5f00\u9879\u76ee\uff0c\u6309 Esc \u952e\u5173\u95ed\uff0c\u4f7f\u7528\u65b9\u5411\u952e\u5bfc\u822a\u3002\" data-no-translation-aria-label=\"\">\n\t\t\t<div class=\"e-n-tabs-heading\" role=\"tablist\">\n\t\t\t\t\t<button id=\"e-n-tab-title-2335556051\" class=\"e-n-tab-title\" aria-selected=\"true\" data-tab-index=\"1\" role=\"tab\" tabindex=\"0\" aria-controls=\"e-n-tab-content-2335556051\" style=\"--n-tabs-title-order: 1;\">\n\t\t\t\t\t\t<span class=\"e-n-tab-title-text\">\n\t\t\t\t\u0110i\u1ec1u kho\u1ea3n s\u1eed d\u1ee5ng\t\t\t<\/span>\n\t\t<\/button>\n\t\t\t\t<button id=\"e-n-tab-title-2335556052\" class=\"e-n-tab-title\" aria-selected=\"false\" data-tab-index=\"2\" role=\"tab\" tabindex=\"-1\" aria-controls=\"e-n-tab-content-2335556052\" style=\"--n-tabs-title-order: 2;\">\n\t\t\t\t\t\t<span class=\"e-n-tab-title-text\">\n\t\t\t\tCh\u00ednh s\u00e1ch h\u1ed7 tr\u1ee3\t\t\t<\/span>\n\t\t<\/button>\n\t\t\t\t\t<\/div>\n\t\t\t<div class=\"e-n-tabs-content\">\n\t\t\t\t<div id=\"e-n-tab-content-2335556051\" role=\"tabpanel\" aria-labelledby=\"e-n-tab-title-2335556051\" data-tab-index=\"1\" style=\"--n-tabs-title-order: 1;\" class=\"e-active elementor-element elementor-element-97598d8 e-con-full e-flex e-con e-child\" data-id=\"97598d8\" data-element_type=\"container\" data-settings=\"{&quot;background_background&quot;:&quot;classic&quot;}\">\n\t\t\t\t<div class=\"elementor-element elementor-element-b140bdf elementor-widget elementor-widget-heading\" data-id=\"b140bdf\" data-element_type=\"widget\" data-widget_type=\"heading.default\">\n\t\t\t\t\t<h2 class=\"elementor-heading-title elementor-size-default\">\u0110i\u1ec1u kho\u1ea3n s\u1eed d\u1ee5ng<\/h2>\t\t\t\t<\/div>\n\t\t\t\t<div class=\"elementor-element elementor-element-30db6d9 elementor-widget elementor-widget-text-editor\" data-id=\"30db6d9\" data-element_type=\"widget\" data-widget_type=\"text-editor.default\">\n\t\t\t\t\t\t\t\t\t<h3><strong>1. Th\u00f4ng tin chung:<\/strong><\/h3><p data-start=\"1082\" data-end=\"1330\">T\u1ea5t c\u1ea3 th\u00f4ng tin \u0111\u01b0\u1ee3c \u0111\u0103ng t\u1ea3i tr\u00ean <strong data-start=\"1121\" data-end=\"1133\">VinaOpen<\/strong> \u0111\u01b0\u1ee3c cung c\u1ea5p cho <strong data-start=\"1150\" data-end=\"1203\">Ch\u1ec9 mang t\u00ednh ch\u1ea5t th\u00f4ng tin v\u00e0 tham kh\u1ea3o chung.<\/strong> v\u00e0 kh\u00f4ng \u0111\u01b0\u1ee3c hi\u1ec3u l\u00e0 t\u01b0 v\u1ea5n \u0111\u1ea7u t\u01b0, t\u01b0 v\u1ea5n ph\u00e1p l\u00fd, b\u1ea3o \u0111\u1ea3m th\u01b0\u01a1ng m\u1ea1i ho\u1eb7c b\u1ea5t k\u1ef3 h\u00ecnh th\u1ee9c ch\u00e0o m\u1eddi giao d\u1ecbch n\u00e0o.<\/p><p data-start=\"1332\" data-end=\"1666\">M\u1eb7c d\u00f9 VinaOpen n\u1ed7 l\u1ef1c h\u1ee3p l\u00fd \u0111\u1ec3 xem x\u00e9t v\u00e0 c\u1eadp nh\u1eadt n\u1ed9i dung, ch\u00fang t\u00f4i <strong data-start=\"1405\" data-end=\"1446\">Kh\u00f4ng \u0111\u01b0a ra b\u1ea5t k\u1ef3 b\u1ea3o h\u00e0nh n\u00e0o, d\u00f9 r\u00f5 r\u00e0ng hay ng\u1ea7m \u0111\u1ecbnh.<\/strong> VinaOpen kh\u00f4ng \u0111\u1ea3m b\u1ea3o t\u00ednh ch\u00ednh x\u00e1c, \u0111\u1ea7y \u0111\u1ee7, k\u1ecbp th\u1eddi, h\u1ee3p ph\u00e1p, \u0111\u1ed9 tin c\u1eady ho\u1eb7c t\u00ednh kh\u1ea3 d\u1ee5ng c\u1ee7a b\u1ea5t k\u1ef3 th\u00f4ng tin n\u00e0o. VinaOpen kh\u00f4ng \u0111\u1ea3m b\u1ea3o ho\u1ea1t \u0111\u1ed9ng li\u00ean t\u1ee5c, h\u1ec7 th\u1ed1ng kh\u00f4ng l\u1ed7i ho\u1eb7c truy c\u1eadp li\u00ean t\u1ee5c v\u00e0o n\u1ec1n t\u1ea3ng.<\/p><h3><strong>2. Gi\u1edbi h\u1ea1n tr\u00e1ch nhi\u1ec7m:<\/strong><\/h3><p data-start=\"2563\" data-end=\"2801\">Trong ph\u1ea1m vi t\u1ed1i \u0111a \u0111\u01b0\u1ee3c ph\u00e1p lu\u1eadt cho ph\u00e9p, <strong data-start=\"2613\" data-end=\"2645\">VinaOpen s\u1ebd kh\u00f4ng ch\u1ecbu tr\u00e1ch nhi\u1ec7m.<\/strong> Ch\u00fang t\u00f4i kh\u00f4ng ch\u1ecbu tr\u00e1ch nhi\u1ec7m \u0111\u1ed1i v\u1edbi b\u1ea5t k\u1ef3 thi\u1ec7t h\u1ea1i tr\u1ef1c ti\u1ebfp, gi\u00e1n ti\u1ebfp, ng\u1eabu nhi\u00ean, \u0111\u1eb7c bi\u1ec7t, tr\u1eebng ph\u1ea1t ho\u1eb7c h\u1eadu qu\u1ea3 n\u00e0o ph\u00e1t sinh t\u1eeb vi\u1ec7c s\u1eed d\u1ee5ng ho\u1eb7c kh\u00f4ng th\u1ec3 s\u1eed d\u1ee5ng trang web ho\u1eb7c c\u00e1c d\u1ecbch v\u1ee5 li\u00ean quan.<\/p><p data-start=\"2803\" data-end=\"2861\">\u0110i\u1ec1u n\u00e0y bao g\u1ed3m, nh\u01b0ng kh\u00f4ng gi\u1edbi h\u1ea1n, c\u00e1c thi\u1ec7t h\u1ea1i ph\u00e1t sinh t\u1eeb:<\/p><ul data-start=\"2862\" data-end=\"3185\"><li data-start=\"2862\" data-end=\"2901\"><p data-start=\"2864\" data-end=\"2901\">(a) truy c\u1eadp ho\u1eb7c s\u1eed d\u1ee5ng n\u1ec1n t\u1ea3ng;<\/p><\/li><li data-start=\"2902\" data-end=\"2979\"><p data-start=\"2904\" data-end=\"2979\">(b) c\u00e1c giao d\u1ecbch, li\u00ean l\u1ea1c ho\u1eb7c tranh ch\u1ea5p gi\u1eefa ng\u01b0\u1eddi mua v\u00e0 ng\u01b0\u1eddi b\u00e1n;<\/p><\/li><li data-start=\"2980\" data-end=\"3056\"><p data-start=\"2982\" data-end=\"3056\">(c) s\u1ea3n ph\u1ea9m, m\u1eabu, d\u1ecbch v\u1ee5 ho\u1eb7c th\u00f4ng tin do b\u00ean th\u1ee9 ba cung c\u1ea5p;<\/p><\/li><li data-start=\"3057\" data-end=\"3113\"><p data-start=\"3059\" data-end=\"3113\">(d) truy c\u1eadp ho\u1eb7c s\u1eeda \u0111\u1ed5i d\u1eef li\u1ec7u ng\u01b0\u1eddi d\u00f9ng tr\u00e1i ph\u00e9p;<\/p><\/li><li data-start=\"3114\" data-end=\"3185\"><p data-start=\"3116\" data-end=\"3185\">(e) c\u00e1c tuy\u00ean b\u1ed1, h\u00e0nh vi ho\u1eb7c n\u1ed9i dung do ng\u01b0\u1eddi d\u00f9ng ho\u1eb7c b\u00ean th\u1ee9 ba \u0111\u0103ng t\u1ea3i.<\/p><\/li><\/ul><p data-start=\"3187\" data-end=\"3248\">T\u1ea5t c\u1ea3 c\u00e1c quy\u1ebft \u0111\u1ecbnh th\u01b0\u01a1ng m\u1ea1i \u0111\u1ec1u \u0111\u01b0\u1ee3c \u0111\u01b0a ra. <strong data-start=\"3221\" data-end=\"3247\">ng\u01b0\u1eddi d\u00f9ng t\u1ef1 ch\u1ecbu r\u1ee7i ro.<\/strong>.<\/p><h3>\u200d<br \/><strong>3. T\u1eeb ch\u1ed1i b\u1ea3o h\u00e0nh:<\/strong><\/h3><p data-start=\"3774\" data-end=\"3815\">VinaOpen kh\u00f4ng \u0111\u1ea3m b\u1ea3o r\u1eb1ng:<\/p><ul data-start=\"3816\" data-end=\"4085\"><li data-start=\"3816\" data-end=\"3884\"><p data-start=\"3818\" data-end=\"3884\">(a) c\u00e1c t\u00ednh n\u0103ng ho\u1eb7c d\u1ecbch v\u1ee5 c\u1ee7a n\u1ec1n t\u1ea3ng s\u1ebd \u0111\u00e1p \u1ee9ng t\u1ea5t c\u1ea3 c\u00e1c y\u00eau c\u1ea7u c\u1ee7a ng\u01b0\u1eddi d\u00f9ng;<\/p><\/li><li data-start=\"3885\" data-end=\"3953\"><p data-start=\"3887\" data-end=\"3953\">(b) c\u00e1c d\u1ecbch v\u1ee5 s\u1ebd kh\u00f4ng b\u1ecb gi\u00e1n \u0111o\u1ea1n, an to\u00e0n, k\u1ecbp th\u1eddi ho\u1eb7c kh\u00f4ng c\u00f3 l\u1ed7i;<\/p><\/li><li data-start=\"3954\" data-end=\"4006\"><p data-start=\"3956\" data-end=\"4006\">(c) k\u1ebft qu\u1ea3 thu \u0111\u01b0\u1ee3c s\u1ebd ch\u00ednh x\u00e1c ho\u1eb7c \u0111\u00e1ng tin c\u1eady;<\/p><\/li><li data-start=\"4007\" data-end=\"4085\"><p data-start=\"4009\" data-end=\"4085\">(d) c\u00e1c s\u1ea3n ph\u1ea9m, d\u1ecbch v\u1ee5 ho\u1eb7c th\u00f4ng tin thu \u0111\u01b0\u1ee3c s\u1ebd \u0111\u00e1p \u1ee9ng k\u1ef3 v\u1ecdng c\u1ee7a ng\u01b0\u1eddi d\u00f9ng.<\/p><\/li><\/ul><p data-start=\"4087\" data-end=\"4156\">T\u1ea5t c\u1ea3 c\u00e1c d\u1ecbch v\u1ee5 \u0111\u1ec1u \u0111\u01b0\u1ee3c cung c\u1ea5p tr\u00ean <strong data-start=\"4119\" data-end=\"4155\">tr\u00ean c\u01a1 s\u1edf \u201cnguy\u00ean tr\u1ea1ng\u201d v\u00e0 \u201cs\u1eb5n c\u00f3\u201d<\/strong>.<\/p><h3><strong>4. C\u00e1c trang web v\u00e0 n\u1ed9i dung c\u1ee7a b\u00ean th\u1ee9 ba:<\/strong><\/h3><p data-start=\"4679\" data-end=\"4828\">VinaOpen c\u00f3 th\u1ec3 bao g\u1ed3m c\u00e1c li\u00ean k\u1ebft \u0111\u1ebfn c\u00e1c trang web ho\u1eb7c d\u1ecbch v\u1ee5 c\u1ee7a b\u00ean th\u1ee9 ba ch\u1ec9 nh\u1eb1m m\u1ee5c \u0111\u00edch thu\u1eadn ti\u1ec7n. C\u00e1c li\u00ean k\u1ebft \u0111\u00f3 kh\u00f4ng ng\u1ee5 \u00fd s\u1ef1 ch\u1ee9ng th\u1ef1c ho\u1eb7c tr\u00e1ch nhi\u1ec7m.<\/p><p data-start=\"4830\" data-end=\"4976\">VinaOpen kh\u00f4ng ch\u1ecbu tr\u00e1ch nhi\u1ec7m v\u1ec1 n\u1ed9i dung, t\u00ednh ch\u00ednh x\u00e1c, t\u00ednh h\u1ee3p ph\u00e1p ho\u1eb7c \u0111\u1ed9 tin c\u1eady c\u1ee7a c\u00e1c n\u1ec1n t\u1ea3ng b\u00ean th\u1ee9 ba, v\u00e0 ng\u01b0\u1eddi d\u00f9ng truy c\u1eadp ch\u00fang v\u1edbi r\u1ee7i ro c\u1ee7a ri\u00eang m\u00ecnh.<\/p><h3 data-start=\"4830\" data-end=\"4976\"><strong>5. S\u1ef1 ki\u1ec7n b\u1ea5t kh\u1ea3 kh\u00e1ng:<\/strong><\/h3><p data-start=\"5382\" data-end=\"5620\">VinaOpen s\u1ebd kh\u00f4ng ch\u1ecbu tr\u00e1ch nhi\u1ec7m \u0111\u1ed1i v\u1edbi b\u1ea5t k\u1ef3 s\u1ef1 ch\u1eadm tr\u1ec5 ho\u1eb7c th\u1ea5t b\u1ea1i n\u00e0o do c\u00e1c s\u1ef1 ki\u1ec7n n\u1eb1m ngo\u00e0i t\u1ea7m ki\u1ec3m so\u00e1t h\u1ee3p l\u00fd g\u00e2y ra, bao g\u1ed3m thi\u00ean tai, s\u1ef1 c\u1ed1 m\u1ea1ng internet ho\u1eb7c m\u1ea5t \u0111i\u1ec7n, tr\u1ee5c tr\u1eb7c h\u1ec7 th\u1ed1ng, tranh ch\u1ea5p lao \u0111\u1ed9ng, b\u1ea1o lo\u1ea1n, chi\u1ebfn tranh ho\u1eb7c h\u00e0nh \u0111\u1ed9ng c\u1ee7a ch\u00ednh ph\u1ee7.<\/p>\t\t\t\t\t\t\t\t<\/div>\n\t\t\t\t<\/div>\n\t\t<div id=\"e-n-tab-content-2335556052\" role=\"tabpanel\" aria-labelledby=\"e-n-tab-title-2335556052\" data-tab-index=\"2\" style=\"--n-tabs-title-order: 2;\" class=\"elementor-element elementor-element-e3c7ace e-con-full e-flex e-con e-child\" data-id=\"e3c7ace\" data-element_type=\"container\" data-settings=\"{&quot;background_background&quot;:&quot;classic&quot;}\">\n\t\t\t\t<div class=\"elementor-element elementor-element-6d6eebb elementor-widget elementor-widget-heading\" data-id=\"6d6eebb\" data-element_type=\"widget\" data-widget_type=\"heading.default\">\n\t\t\t\t\t<h2 class=\"elementor-heading-title elementor-size-default\">Ch\u00ednh s\u00e1ch h\u1ed7 tr\u1ee3<\/h2>\t\t\t\t<\/div>\n\t\t\t\t<div class=\"elementor-element elementor-element-38b78df elementor-widget elementor-widget-text-editor\" data-id=\"38b78df\" data-element_type=\"widget\" data-widget_type=\"text-editor.default\">\n\t\t\t\t\t\t\t\t\t<h3 data-start=\"371\" data-end=\"429\"><strong data-start=\"375\" data-end=\"429\">1. M\u1ee5c \u0111\u00edch v\u00e0 ph\u1ea1m vi<\/strong><\/h3><p data-start=\"993\" data-end=\"1272\">C\u00e1i <strong data-start=\"1007\" data-end=\"1025\">Ch\u00ednh s\u00e1ch h\u1ed7 tr\u1ee3<\/strong> c\u1ee7a <strong data-start=\"1029\" data-end=\"1041\">VinaOpen<\/strong> Ch\u00ednh s\u00e1ch n\u00e0y \u0111\u01b0\u1ee3c thi\u1ebft l\u1eadp \u0111\u1ec3 \u0111\u1ea3m b\u1ea3o ng\u01b0\u1eddi d\u00f9ng c\u00f3 th\u1ec3 ti\u1ebfp c\u1eadn c\u00e1c k\u00eanh h\u1ed7 tr\u1ee3 ch\u00ednh th\u1ee9c trong su\u1ed1t qu\u00e1 tr\u00ecnh s\u1eed d\u1ee5ng n\u1ec1n t\u1ea3ng. Ch\u00ednh s\u00e1ch n\u00e0y \u00e1p d\u1ee5ng cho t\u1ea5t c\u1ea3 ng\u01b0\u1eddi d\u00f9ng \u0111\u00e3 \u0111\u0103ng k\u00fd v\u00e0 kh\u00e1ch truy c\u1eadp c\u1ee7a VinaOpen, bao g\u1ed3m ng\u01b0\u1eddi mua, nh\u00e0 cung c\u1ea5p v\u00e0 c\u00e1c \u0111\u1ed1i t\u00e1c li\u00ean quan.<\/p><p data-start=\"1274\" data-end=\"1487\">M\u1ee5c \u0111\u00edch c\u1ee7a n\u00f3 l\u00e0 h\u1ed7 tr\u1ee3 ng\u01b0\u1eddi d\u00f9ng gi\u1ea3i quy\u1ebft c\u00e1c v\u1ea5n \u0111\u1ec1 li\u00ean quan \u0111\u1ebfn t\u00e0i kho\u1ea3n, quy\u1ec1n ri\u00eang t\u01b0, b\u1ea3o m\u1eadt d\u1eef li\u1ec7u, x\u00e1c minh th\u00f4ng tin v\u00e0 b\u1ea5t k\u1ef3 th\u1eafc m\u1eafc, lo ng\u1ea1i ho\u1eb7c khi\u1ebfu n\u1ea1i n\u00e0o ph\u00e1t sinh trong qu\u00e1 tr\u00ecnh giao d\u1ecbch th\u01b0\u01a1ng m\u1ea1i tr\u00ean n\u1ec1n t\u1ea3ng.<\/p><h3 data-start=\"1494\" data-end=\"1556\"><strong data-start=\"1498\" data-end=\"1556\">2. C\u00e1c k\u00eanh h\u1ed7 tr\u1ee3<\/strong><\/h3><p data-start=\"2019\" data-end=\"2220\">VinaOpen cung c\u1ea5p nhi\u1ec1u k\u00eanh h\u1ed7 tr\u1ee3 cho ng\u01b0\u1eddi d\u00f9ng, bao g\u1ed3m nh\u01b0ng kh\u00f4ng gi\u1edbi h\u1ea1n \u1edf c\u00e1c bi\u1ec3u m\u1eabu li\u00ean h\u1ec7 tr\u00ean trang web, email h\u1ed7 tr\u1ee3 ch\u00ednh th\u1ee9c v\u00e0 c\u00e1c k\u00eanh li\u00ean l\u1ea1c kh\u00e1c \u0111\u01b0\u1ee3c c\u00f4ng b\u1ed1 c\u00f4ng khai.<\/p><p data-start=\"2222\" data-end=\"2439\">Ng\u01b0\u1eddi d\u00f9ng c\u00f3 tr\u00e1ch nhi\u1ec7m cung c\u1ea5p th\u00f4ng tin ch\u00ednh x\u00e1c, \u0111\u1ea7y \u0111\u1ee7 v\u00e0 trung th\u1ef1c khi g\u1eedi y\u00eau c\u1ea7u h\u1ed7 tr\u1ee3. VinaOpen c\u00f3 quy\u1ec1n t\u1eeb ch\u1ed1i c\u00e1c y\u00eau c\u1ea7u kh\u00f4ng \u0111\u1ea7y \u0111\u1ee7, kh\u00f4ng r\u00f5 r\u00e0ng ho\u1eb7c c\u00f3 kh\u1ea3 n\u0103ng vi ph\u1ea1m ph\u00e1p lu\u1eadt.<\/p><h3 data-start=\"2446\" data-end=\"2524\"><strong data-start=\"2450\" data-end=\"2524\">3. X\u1eed l\u00fd th\u00f4ng tin v\u00e0 b\u1ea3o m\u1eadt<\/strong><\/h3><p data-start=\"3054\" data-end=\"3321\">T\u1ea5t c\u1ea3 th\u00f4ng tin do ng\u01b0\u1eddi d\u00f9ng cung c\u1ea5p trong qu\u00e1 tr\u00ecnh y\u00eau c\u1ea7u h\u1ed7 tr\u1ee3 \u0111\u1ec1u \u0111\u01b0\u1ee3c thu th\u1eadp, l\u01b0u tr\u1eef v\u00e0 x\u1eed l\u00fd theo ch\u00ednh s\u00e1ch c\u1ee7a VinaOpen. <strong data-start=\"3188\" data-end=\"3206\">Ch\u00ednh s\u00e1ch b\u1ea3o m\u1eadt<\/strong>Th\u00f4ng tin n\u00e0y ch\u1ec9 \u0111\u01b0\u1ee3c s\u1eed d\u1ee5ng cho m\u1ee5c \u0111\u00edch x\u00e1c minh, h\u1ed7 tr\u1ee3 k\u1ef9 thu\u1eadt, x\u1eed l\u00fd khi\u1ebfu n\u1ea1i v\u00e0 c\u1ea3i thi\u1ec7n d\u1ecbch v\u1ee5.<\/p><p data-start=\"3323\" data-end=\"3514\">VinaOpen cam k\u1ebft b\u1ea3o v\u1ec7 d\u1eef li\u1ec7u ng\u01b0\u1eddi d\u00f9ng v\u00e0 kh\u00f4ng ti\u1ebft l\u1ed9 th\u00f4ng tin c\u00e1 nh\u00e2n cho b\u00ean th\u1ee9 ba m\u00e0 kh\u00f4ng c\u00f3 s\u1ef1 \u0111\u1ed3ng \u00fd c\u1ee7a ng\u01b0\u1eddi d\u00f9ng, tr\u1eeb tr\u01b0\u1eddng h\u1ee3p ph\u00e1p lu\u1eadt hi\u1ec7n h\u00e0nh ho\u1eb7c c\u01a1 quan c\u00f3 th\u1ea9m quy\u1ec1n y\u00eau c\u1ea7u.<\/p><h3 data-start=\"3521\" data-end=\"3603\"><strong data-start=\"3525\" data-end=\"3603\">4. Ph\u1ea1m vi h\u1ed7 tr\u1ee3 v\u00e0 c\u00e1c h\u1ea1n ch\u1ebf<\/strong><\/h3><p data-start=\"4238\" data-end=\"4459\">VinaOpen \u0111\u00f3ng vai tr\u00f2 l\u00e0 <strong data-start=\"4268\" data-end=\"4305\">n\u1ec1n t\u1ea3ng trung gian th\u00f4ng tin<\/strong> N\u1ec1n t\u1ea3ng n\u00e0y \u0111\u00f3ng vai tr\u00f2 k\u1ebft n\u1ed1i ng\u01b0\u1eddi mua v\u00e0 ng\u01b0\u1eddi b\u00e1n. N\u00f3 kh\u00f4ng tr\u1ef1c ti\u1ebfp tham gia v\u00e0o c\u00e1c giao d\u1ecbch th\u01b0\u01a1ng m\u1ea1i, thanh to\u00e1n, h\u1eadu c\u1ea7n ho\u1eb7c th\u1ef1c thi h\u1ee3p \u0111\u1ed3ng gi\u1eefa c\u00e1c b\u00ean.<\/p><p data-start=\"4461\" data-end=\"4500\">Trong ph\u1ea1m vi h\u1ed7 tr\u1ee3 c\u1ee7a m\u00ecnh, VinaOpen c\u00f3 th\u1ec3:<\/p><ul data-start=\"4501\" data-end=\"4678\"><li data-start=\"4501\" data-end=\"4576\"><p data-start=\"4503\" data-end=\"4576\">H\u1ed7 tr\u1ee3 x\u00e1c minh th\u00f4ng tin nh\u00e0 cung c\u1ea5p d\u1ef1a tr\u00ean c\u00e1c quy tr\u00ecnh n\u1ed9i b\u1ed9;<\/p><\/li><li data-start=\"4577\" data-end=\"4622\"><p data-start=\"4579\" data-end=\"4622\">Ti\u1ebfp nh\u1eadn v\u00e0 chuy\u1ec3n ti\u1ebfp khi\u1ebfu n\u1ea1i ho\u1eb7c ph\u1ea3n h\u1ed3i;<\/p><\/li><li data-start=\"4623\" data-end=\"4678\"><p data-start=\"4625\" data-end=\"4678\">Cung c\u1ea5p h\u01b0\u1edbng d\u1eabn v\u1ec1 c\u00e1ch s\u1eed d\u1ee5ng n\u1ec1n t\u1ea3ng v\u00e0 c\u00e1c c\u00f4ng c\u1ee5 li\u00ean quan.<\/p><\/li><\/ul><p data-start=\"4680\" data-end=\"4843\">VinaOpen kh\u00f4ng ch\u1ecbu tr\u00e1ch nhi\u1ec7m gi\u1ea3i quy\u1ebft c\u00e1c tranh ch\u1ea5p th\u01b0\u01a1ng m\u1ea1i, v\u1ea5n \u0111\u1ec1 ch\u1ea5t l\u01b0\u1ee3ng s\u1ea3n ph\u1ea9m, ngh\u0129a v\u1ee5 h\u1ee3p \u0111\u1ed3ng ho\u1eb7c c\u00e1c v\u1ea5n \u0111\u1ec1 n\u1eb1m ngo\u00e0i ph\u1ea1m vi ho\u1ea1t \u0111\u1ed9ng c\u1ee7a n\u1ec1n t\u1ea3ng.<\/p><h3 data-start=\"4850\" data-end=\"4942\"><strong data-start=\"4854\" data-end=\"4942\">5. Th\u1eddi gian ph\u1ea3n h\u1ed3i v\u00e0 tr\u00e1ch nhi\u1ec7m c\u1ee7a ng\u01b0\u1eddi d\u00f9ng<\/strong><\/h3><p data-start=\"5312\" data-end=\"5529\">VinaOpen c\u1ed1 g\u1eafng ph\u1ea3n h\u1ed3i c\u00e1c y\u00eau c\u1ea7u h\u1ed7 tr\u1ee3 trong khung th\u1eddi gian h\u1ee3p l\u00fd t\u00f9y thu\u1ed9c v\u00e0o b\u1ea3n ch\u1ea5t v\u00e0 \u0111\u1ed9 ph\u1ee9c t\u1ea1p c\u1ee7a v\u1ea5n \u0111\u1ec1. Th\u1eddi gian ph\u1ea3n h\u1ed3i c\u00f3 th\u1ec3 kh\u00e1c nhau v\u00e0 kh\u00f4ng ph\u1ea3i l\u00e0 s\u1ef1 \u0111\u1ea3m b\u1ea3o c\u00f3 t\u00ednh r\u00e0ng bu\u1ed9c ph\u00e1p l\u00fd.<\/p><p data-start=\"5531\" data-end=\"5667\">Ng\u01b0\u1eddi d\u00f9ng \u0111\u01b0\u1ee3c y\u00eau c\u1ea7u h\u1ee3p t\u00e1c, cung c\u1ea5p th\u00eam th\u00f4ng tin khi \u0111\u01b0\u1ee3c y\u00eau c\u1ea7u v\u00e0 tu\u00e2n th\u1ee7 c\u00e1c h\u01b0\u1edbng d\u1eabn h\u1ed7 tr\u1ee3 do VinaOpen \u0111\u01b0a ra.<\/p><h3 data-start=\"5674\" data-end=\"5724\"><strong data-start=\"5678\" data-end=\"5724\">6. C\u00e1c \u0111i\u1ec1u kho\u1ea3n cu\u1ed1i c\u00f9ng<\/strong><\/h3><p data-start=\"6010\" data-end=\"6255\">VinaOpen c\u00f3 quy\u1ec1n c\u1eadp nh\u1eadt ho\u1eb7c s\u1eeda \u0111\u1ed5i Ch\u00ednh s\u00e1ch H\u1ed7 tr\u1ee3 n\u00e0y b\u1ea5t c\u1ee9 l\u00fac n\u00e0o \u0111\u1ec3 ph\u00f9 h\u1ee3p v\u1edbi nhu c\u1ea7u ho\u1ea1t \u0111\u1ed9ng v\u00e0 lu\u1eadt ph\u00e1p hi\u1ec7n h\u00e0nh. Vi\u1ec7c ti\u1ebfp t\u1ee5c s\u1eed d\u1ee5ng n\u1ec1n t\u1ea3ng sau khi c\u1eadp nh\u1eadt \u0111\u1ed3ng ngh\u0129a v\u1edbi vi\u1ec7c ng\u01b0\u1eddi d\u00f9ng ch\u1ea5p nh\u1eadn ch\u00ednh s\u00e1ch \u0111\u00e3 \u0111\u01b0\u1ee3c s\u1eeda \u0111\u1ed5i.<\/p>\t\t\t\t\t\t\t\t<\/div>\n\t\t\t\t<\/div>\n\t\t\t\t\t<\/div>\n\t\t<\/div>\n\t\t\t\t\t\t<\/div>\n\t\t\t\t\t<\/div>\n\t\t\t\t<\/div>\n\t\t\t\t<\/div>","protected":false},"excerpt":{"rendered":"<p>Terms of Use Support Policy\u200b Terms of Use 1. General Information: All information published on VinaOpen is provided for general informational and reference purposes only and shall not be construed as investment advice, legal advice, commercial guarantees, or any form of transaction solicitation. While VinaOpen makes reasonable efforts to review and update content, we make [&hellip;]<\/p>","protected":false},"author":1,"featured_media":0,"parent":0,"menu_order":0,"comment_status":"closed","ping_status":"closed","template":"elementor_header_footer","meta":{"_acf_changed":false,"footnotes":""},"class_list":["post-991","page","type-page","status-publish","hentry"],"acf":[],"yoast_head":"<!-- This site is optimized with the Yoast SEO Premium plugin v20.9 (Yoast SEO v20.9) - https:\/\/yoast.com\/wordpress\/plugins\/seo\/ -->\n<title>Privacy Policy - VinaOpen<\/title>\n<meta name=\"robots\" content=\"noindex, follow, max-snippet:-1, max-image-preview:large, max-video-preview:-1\" \/>\n<meta property=\"og:locale\" content=\"vi_VN\" \/>\n<meta property=\"og:type\" content=\"article\" \/>\n<meta property=\"og:title\" content=\"Privacy Policy\" \/>\n<meta property=\"og:description\" content=\"Terms of Use Support Policy\u200b Terms of Use 1. General Information: All information published on VinaOpen is provided for general informational and reference purposes only and shall not be construed as investment advice, legal advice, commercial guarantees, or any form of transaction solicitation. While VinaOpen makes reasonable efforts to review and update content, we make [&hellip;]\" \/>\n<meta property=\"og:url\" content=\"https:\/\/vinaopen.com\/vi\/privacy-policy\/\" \/>\n<meta property=\"og:site_name\" content=\"VinaOpen\" \/>\n<meta property=\"article:modified_time\" content=\"2026-01-10T11:55:23+00:00\" \/>\n<meta name=\"twitter:card\" content=\"summary_large_image\" \/>\n<meta name=\"twitter:label1\" content=\"\u01af\u1edbc t\u00ednh th\u1eddi gian \u0111\u1ecdc\" \/>\n\t<meta name=\"twitter:data1\" content=\"7 ph\u00fat\" \/>\n<script type=\"application\/ld+json\" class=\"yoast-schema-graph\">{\"@context\":\"https:\/\/schema.org\",\"@graph\":[{\"@type\":\"WebPage\",\"@id\":\"https:\/\/vinaopen.com\/privacy-policy\/\",\"url\":\"https:\/\/vinaopen.com\/privacy-policy\/\",\"name\":\"Privacy Policy - VinaOpen\",\"isPartOf\":{\"@id\":\"https:\/\/vinaopen.com\/#website\"},\"datePublished\":\"2025-10-19T14:21:32+00:00\",\"dateModified\":\"2026-01-10T11:55:23+00:00\",\"breadcrumb\":{\"@id\":\"https:\/\/vinaopen.com\/privacy-policy\/#breadcrumb\"},\"inLanguage\":\"vi\",\"potentialAction\":[{\"@type\":\"ReadAction\",\"target\":[\"https:\/\/vinaopen.com\/privacy-policy\/\"]}]},{\"@type\":\"BreadcrumbList\",\"@id\":\"https:\/\/vinaopen.com\/privacy-policy\/#breadcrumb\",\"itemListElement\":[{\"@type\":\"ListItem\",\"position\":1,\"name\":\"Home\",\"item\":\"https:\/\/vinaopen.com\/\"},{\"@type\":\"ListItem\",\"position\":2,\"name\":\"Privacy Policy\"}]},{\"@type\":\"WebSite\",\"@id\":\"https:\/\/vinaopen.com\/#website\",\"url\":\"https:\/\/vinaopen.com\/\",\"name\":\"VinaOpen\",\"description\":\"\",\"publisher\":{\"@id\":\"https:\/\/vinaopen.com\/#organization\"},\"potentialAction\":[{\"@type\":\"SearchAction\",\"target\":{\"@type\":\"EntryPoint\",\"urlTemplate\":\"https:\/\/vinaopen.com\/?s={search_term_string}\"},\"query-input\":\"required name=search_term_string\"}],\"inLanguage\":\"vi\"},{\"@type\":\"Organization\",\"@id\":\"https:\/\/vinaopen.com\/#organization\",\"name\":\"VinaOpen\",\"url\":\"https:\/\/vinaopen.com\/\",\"logo\":{\"@type\":\"ImageObject\",\"inLanguage\":\"vi\",\"@id\":\"https:\/\/vinaopen.com\/#\/schema\/logo\/image\/\",\"url\":\"https:\/\/vinaopen.com\/wp-content\/uploads\/2025\/10\/VINAOPEN-02-2.png\",\"contentUrl\":\"https:\/\/vinaopen.com\/wp-content\/uploads\/2025\/10\/VINAOPEN-02-2.png\",\"width\":1920,\"height\":481,\"caption\":\"VinaOpen\"},\"image\":{\"@id\":\"https:\/\/vinaopen.com\/#\/schema\/logo\/image\/\"}}]}<\/script>\n<!-- \/ Yoast SEO Premium plugin. -->","yoast_head_json":{"title":"Privacy Policy - VinaOpen","robots":{"index":"noindex","follow":"follow","max-snippet":"max-snippet:-1","max-image-preview":"max-image-preview:large","max-video-preview":"max-video-preview:-1"},"og_locale":"vi_VN","og_type":"article","og_title":"Privacy Policy","og_description":"Terms of Use Support Policy\u200b Terms of Use 1. General Information: All information published on VinaOpen is provided for general informational and reference purposes only and shall not be construed as investment advice, legal advice, commercial guarantees, or any form of transaction solicitation. While VinaOpen makes reasonable efforts to review and update content, we make [&hellip;]","og_url":"https:\/\/vinaopen.com\/vi\/privacy-policy\/","og_site_name":"VinaOpen","article_modified_time":"2026-01-10T11:55:23+00:00","twitter_card":"summary_large_image","twitter_misc":{"\u01af\u1edbc t\u00ednh th\u1eddi gian \u0111\u1ecdc":"7 ph\u00fat"},"schema":{"@context":"https:\/\/schema.org","@graph":[{"@type":"WebPage","@id":"https:\/\/vinaopen.com\/privacy-policy\/","url":"https:\/\/vinaopen.com\/privacy-policy\/","name":"Privacy Policy - VinaOpen","isPartOf":{"@id":"https:\/\/vinaopen.com\/#website"},"datePublished":"2025-10-19T14:21:32+00:00","dateModified":"2026-01-10T11:55:23+00:00","breadcrumb":{"@id":"https:\/\/vinaopen.com\/privacy-policy\/#breadcrumb"},"inLanguage":"vi","potentialAction":[{"@type":"ReadAction","target":["https:\/\/vinaopen.com\/privacy-policy\/"]}]},{"@type":"BreadcrumbList","@id":"https:\/\/vinaopen.com\/privacy-policy\/#breadcrumb","itemListElement":[{"@type":"ListItem","position":1,"name":"Home","item":"https:\/\/vinaopen.com\/"},{"@type":"ListItem","position":2,"name":"Privacy Policy"}]},{"@type":"WebSite","@id":"https:\/\/vinaopen.com\/#website","url":"https:\/\/vinaopen.com\/","name":"VinaOpen","description":"","publisher":{"@id":"https:\/\/vinaopen.com\/#organization"},"potentialAction":[{"@type":"SearchAction","target":{"@type":"EntryPoint","urlTemplate":"https:\/\/vinaopen.com\/?s={search_term_string}"},"query-input":"required name=search_term_string"}],"inLanguage":"vi"},{"@type":"Organization","@id":"https:\/\/vinaopen.com\/#organization","name":"VinaOpen","url":"https:\/\/vinaopen.com\/","logo":{"@type":"ImageObject","inLanguage":"vi","@id":"https:\/\/vinaopen.com\/#\/schema\/logo\/image\/","url":"https:\/\/vinaopen.com\/wp-content\/uploads\/2025\/10\/VINAOPEN-02-2.png","contentUrl":"https:\/\/vinaopen.com\/wp-content\/uploads\/2025\/10\/VINAOPEN-02-2.png","width":1920,"height":481,"caption":"VinaOpen"},"image":{"@id":"https:\/\/vinaopen.com\/#\/schema\/logo\/image\/"}}]}},"_links":{"self":[{"href":"https:\/\/vinaopen.com\/vi\/wp-json\/wp\/v2\/pages\/991","targetHints":{"allow":["GET"]}}],"collection":[{"href":"https:\/\/vinaopen.com\/vi\/wp-json\/wp\/v2\/pages"}],"about":[{"href":"https:\/\/vinaopen.com\/vi\/wp-json\/wp\/v2\/types\/page"}],"author":[{"embeddable":true,"href":"https:\/\/vinaopen.com\/vi\/wp-json\/wp\/v2\/users\/1"}],"replies":[{"embeddable":true,"href":"https:\/\/vinaopen.com\/vi\/wp-json\/wp\/v2\/comments?post=991"}],"version-history":[{"count":0,"href":"https:\/\/vinaopen.com\/vi\/wp-json\/wp\/v2\/pages\/991\/revisions"}],"wp:attachment":[{"href":"https:\/\/vinaopen.com\/vi\/wp-json\/wp\/v2\/media?parent=991"}],"curies":[{"name":"wp","href":"https:\/\/api.w.org\/{rel}","templated":true}]}}